{"id":1077,"date":"2017-11-10T12:28:33","date_gmt":"2017-11-10T11:28:33","guid":{"rendered":"https:\/\/www.bluedreaming.it\/contatti\/"},"modified":"2018-03-13T14:56:14","modified_gmt":"2018-03-13T13:56:14","slug":"contacts","status":"publish","type":"page","link":"https:\/\/www.bluedreaming.it\/en\/contacts\/","title":{"rendered":"Contacts"},"content":{"rendered":"<div class=\"wpb-content-wrapper\"><p>[vc_row][vc_column offset=&#8221;vc_col-lg-2 vc_col-md-1 vc_hidden-sm vc_hidden-xs&#8221;][\/vc_column][vc_column offset=&#8221;vc_col-lg-8 vc_col-md-10&#8243;][vc_custom_heading text=&#8221;Contact us&#8221; font_container=&#8221;tag:h1|text_align:left&#8221; use_theme_fonts=&#8221;yes&#8221;][vc_row_inner][vc_column_inner width=&#8221;1\/6&#8243;][vc_single_image image=&#8221;1672&#8243; img_size=&#8221;full&#8221; alignment=&#8221;center&#8221;][\/vc_column_inner][vc_column_inner width=&#8221;5\/6&#8243;][vc_column_text]<strong>Beatrice<\/strong> \u00e8 il cuore pulsante di Blue Dreaming.<\/p>\n<p>Dopo aver vissuto diverso tempo a New York, \u00e8 tornata in Italia ed ha iniziato a condividere la passione per il Mare. Per tutti i vostri interrogativi sar\u00e0 lei che vi guider\u00e0 nel nostro portale per trovare tutto quello che cercate:<\/p>\n<p><strong>Telefono<\/strong>:\u00a0 +39 0541 1833482<br \/>\n<strong>E-mail<\/strong>:\u00a0\u00a0\u00a0 \u00a0\u00a0 info@bluedreaming.it<br \/>\n<strong>Facebook<\/strong>: <a href=\"https:\/\/www.facebook.com\/bluedreaming.it\" target=\"_blank\" rel=\"noopener\">www.facebook.com\/bluedreaming.it<\/a>[\/vc_column_text][\/vc_column_inner][\/vc_row_inner][\/vc_column][vc_column offset=&#8221;vc_col-lg-2 vc_col-md-1 vc_hidden-sm vc_hidden-xs&#8221;][\/vc_column][\/vc_row]<\/p>\n<\/div>","protected":false},"excerpt":{"rendered":"<p>[vc_row][vc_column offset=&#8221;vc_col-lg-2 vc_col-md-1 vc_hidden-sm vc_hidden-xs&#8221;][\/vc_column][vc_column offset=&#8221;vc_col-lg-8 vc_col-md-10&#8243;][vc_custom_heading text=&#8221;Contact us&#8221; font_container=&#8221;tag:h1|text_align:left&#8221; use_theme_fonts=&#8221;yes&#8221;][vc_row_inner][vc_column_inner width=&#8221;1\/6&#8243;][vc_single_image image=&#8221;1672&#8243; img_size=&#8221;full&#8221; alignment=&#8221;center&#8221;][\/vc_column_inner][vc_column_inner width=&#8221;5\/6&#8243;][vc_column_text]Beatrice \u00e8 il cuore pulsante di Blue Dreaming. Dopo aver vissuto diverso tempo a New York, \u00e8 tornata in Italia ed ha iniziato a condividere la passione per il Mare. Per tutti i vostri interrogativi sar\u00e0 lei che vi guider\u00e0 &hellip;<\/p>\n","protected":false},"author":1,"featured_media":0,"parent":0,"menu_order":0,"comment_status":"closed","ping_status":"closed","template":"","meta":{"_acf_changed":false,"footnotes":""},"class_list":["post-1077","page","type-page","status-publish","hentry"],"acf":[],"_links":{"self":[{"href":"https:\/\/www.bluedreaming.it\/en\/wp-json\/wp\/v2\/pages\/1077","targetHints":{"allow":["GET"]}}],"collection":[{"href":"https:\/\/www.bluedreaming.it\/en\/wp-json\/wp\/v2\/pages"}],"about":[{"href":"https:\/\/www.bluedreaming.it\/en\/wp-json\/wp\/v2\/types\/page"}],"author":[{"embeddable":true,"href":"https:\/\/www.bluedreaming.it\/en\/wp-json\/wp\/v2\/users\/1"}],"replies":[{"embeddable":true,"href":"https:\/\/www.bluedreaming.it\/en\/wp-json\/wp\/v2\/comments?post=1077"}],"version-history":[{"count":3,"href":"https:\/\/www.bluedreaming.it\/en\/wp-json\/wp\/v2\/pages\/1077\/revisions"}],"predecessor-version":[{"id":2574,"href":"https:\/\/www.bluedreaming.it\/en\/wp-json\/wp\/v2\/pages\/1077\/revisions\/2574"}],"wp:attachment":[{"href":"https:\/\/www.bluedreaming.it\/en\/wp-json\/wp\/v2\/media?parent=1077"}],"curies":[{"name":"wp","href":"https:\/\/api.w.org\/{rel}","templated":true}]}}